{"id":4130,"date":"2021-10-18T22:46:45","date_gmt":"2021-10-19T01:46:45","guid":{"rendered":"https:\/\/www.golenagourmet.com\/anasayfa\/"},"modified":"2026-01-11T15:40:39","modified_gmt":"2026-01-11T18:40:39","slug":"anasayfa","status":"publish","type":"page","link":"http:\/\/www.golenagourmet.com\/en\/","title":{"rendered":"Homepage"},"content":{"rendered":"\t\t<div data-elementor-type=\"wp-page\" data-elementor-id=\"4130\" class=\"elementor elementor-4130 elementor-2297\" data-elementor-post-type=\"page\">\n\t\t\t\t\t\t<section class=\"elementor-section elementor-top-section elementor-element elementor-element-55eef07 elementor-section-full_width elementor-section-height-default elementor-section-height-default e-parent\" data-id=\"55eef07\" data-element_type=\"section\">\n\t\t\t\t\t\t<div class=\"elementor-container elementor-column-gap-no\">\n\t\t\t\t\t<div class=\"elementor-column elementor-col-100 elementor-top-column elementor-element elementor-element-e1dd630 lakit-col-width-auto-no\" data-id=\"e1dd630\" data-element_type=\"column\">\n\t\t\t<div class=\"elementor-widget-wrap elementor-element-populated\">\n\t\t\t\t\t\t<div class=\"elementor-element elementor-element-92b3c84 elementor-widget elementor-widget-slider_revolution\" data-id=\"92b3c84\" data-element_type=\"widget\" data-widget_type=\"slider_revolution.default\">\n\t\t\t\t\t\n\t\t<div class=\"wp-block-themepunch-revslider\">\n\t\t\t\t<p class=\"rs-p-wp-fix\"><\/p>\n\t\t\t\t<sr7-module data-alias=\"bread-shop-02\" data-id=\"1\" id=\"SR7_1_1\" class=\"rs-ov-hidden\" data-version=\"6.7.34\">\n\t\t\t\t\t<sr7-adjuster><\/sr7-adjuster>\n\t\t\t\t\t<sr7-content>\n\t\t\t\t\t\t<sr7-slide id=\"SR7_1_1-2\" data-key=\"2\">\n\t\t\t\t\t\t\t<sr7-bg id=\"SR7_1_1-2-10\" class=\"sr7-layer\"><noscript><img decoding=\"async\" src=\"http:\/\/www.golenagourmet.com\/wp-content\/uploads\/2026\/01\/WhatsApp-Image-2026-01-02-at-22.55.51.jpeg\" alt=\"\" title=\"WhatsApp Image 2026-01-02 at 22.55.51\"><\/noscript><\/sr7-bg>\n\t\t\t\t\t\t\t<sr7-txt id=\"SR7_1_1-2-5\" class=\"sr7-layer\">From nature to your table<\/sr7-txt>\n\t\t\t\t\t\t\t<sr7-txt id=\"SR7_1_1-2-7\" class=\"sr7-layer\">Golena<\/sr7-txt>\n\t\t\t\t\t\t\t<sr7-txt id=\"SR7_1_1-2-9\" class=\"sr7-layer\">All Products<\/sr7-txt>\n\t\t\t\t\t\t<\/sr7-slide>\n\t\t\t\t\t\t<sr7-slide id=\"SR7_1_1-3\" data-key=\"3\">\n\t\t\t\t\t\t<\/sr7-slide>\n\t\t\t\t\t<\/sr7-content>\n\t\t\t\t\t<image_lists style=\"display:none\">\n\t\t\t\t\t\t<img data-src=\"\/\/www.golenagourmet.com\/wp-content\/uploads\/2026\/01\/WhatsApp-Image-2026-01-02-at-22.55.51.jpeg\" data-libid=\"4403\" data-lib=\"medialibrary\" title=\"WhatsApp Image 2026-01-02 at 22.55.51\" width=\"0\" height=\"0\" data-dbsrc=\"Ly93d3cuZ29sZW5hZ291cm1ldC5jb20vd3AtY29udGVudC91cGxvYWRzLzIwMjYvMDEvV2hhdHNBcHAtSW1hZ2UtMjAyNi0wMS0wMi1hdC0yMi41NS41MS5qcGVn\"\/>\n\t\t\t\t\t<\/image_lists>\n\t\t\t\t<\/sr7-module>\n\t\t\t\t<script>\n\t\t\t\t\tSR7.PMH ??={}; SR7.PMH[\"SR7_1_1\"] = {cn:100,state:false,fn: function() { if (_tpt!==undefined && _tpt.prepareModuleHeight !== undefined) {  _tpt.prepareModuleHeight({id:\"SR7_1_1\",el:[900,900,900,900,500],type:'standard',shdw:'0',gh:[900,900,900,900,500],gw:[1440,1440,1440,1440,375],vpt:['-100px&#039;,&#039;-100px&#039;,&#039;-100px&#039;,&#039;-100px&#039;,&#039;-100px'],size:{fullWidth:true, fullHeight:false},mh:'0',onh:0,onw:0,bg:{color:'{\"orig\":\"transparent\",\"type\":\"solid\",\"string\":\"transparent\"}'}});   SR7.PMH[\"SR7_1_1\"].state=true;} else if(SR7.PMH[\"SR7_1_1\"].cn-->0)\tsetTimeout( SR7.PMH[\"SR7_1_1\"].fn,19);}};SR7.PMH[\"SR7_1_1\" ].fn();\n\t\t\t\t<\/script>\n<\/div>\n\n\t\t\t\t\t\t<\/div>\n\t\t\t\t\t<\/div>\n\t\t<\/div>\n\t\t\t\t\t<\/div>\n\t\t<\/section>\n\t\t<div class=\"elementor-element elementor-element-78e3f98 e-flex e-con-boxed lakit-col-width-auto-no e-container e-root-container elementor-top-section e-con e-parent\" data-id=\"78e3f98\" data-element_type=\"container\">\n\t\t\t\t\t<div class=\"e-con-inner\">\n\t\t\t\t\t<\/div>\n\t\t\t\t<\/div>\n\t\t<div class=\"elementor-element elementor-element-a403dc3 e-flex e-con-boxed lakit-col-width-auto-no e-container e-root-container elementor-top-section e-con e-parent\" data-id=\"a403dc3\" data-element_type=\"container\">\n\t\t\t\t\t<div class=\"e-con-inner\">\n\t\t<div class=\"elementor-element elementor-element-100b32d e-con-full e-flex lakit-col-width-auto-no e-container e-con e-child\" data-id=\"100b32d\" data-element_type=\"container\">\n\t\t\t\t<div class=\"elementor-element elementor-element-f6e2504 elementor-widget elementor-widget-text-editor\" data-id=\"f6e2504\" data-element_type=\"widget\" data-widget_type=\"text-editor.default\">\n\t\t\t\t\t\t\t\t\t<p data-start=\"92\" data-end=\"854\"><strong data-start=\"92\" data-end=\"109\">Antep pistachio<\/strong> is one of the most valuable agricultural products grown in Turkey&#8217;s Southeastern Anatolia Region and has gained worldwide fame for its unique aroma, intense flavor, and nutritious structure. Thanks to its high oil content, vibrant green color, and characteristic taste, it is preferred in both desserts and savory products. Antep pistachio, which is rich in fiber, protein, healthy fats, and antioxidants, provides energy, promotes a feeling of fullness, and contributes to a balanced diet. <\/p>\t\t\t\t\t\t\t\t<\/div>\n\t\t\t\t<\/div>\n\t\t<div class=\"elementor-element elementor-element-47c7e3e e-con-full e-flex lakit-col-width-auto-no e-container e-con e-child\" data-id=\"47c7e3e\" data-element_type=\"container\">\n\t\t\t\t<div class=\"elementor-element elementor-element-d08d473 elementor-widget-laptop__width-initial elementor-arrows-position-inside elementor-pagination-position-outside elementor-widget elementor-widget-image-carousel\" data-id=\"d08d473\" data-element_type=\"widget\" data-settings=\"{&quot;navigation&quot;:&quot;both&quot;,&quot;autoplay&quot;:&quot;yes&quot;,&quot;pause_on_hover&quot;:&quot;yes&quot;,&quot;pause_on_interaction&quot;:&quot;yes&quot;,&quot;autoplay_speed&quot;:5000,&quot;infinite&quot;:&quot;yes&quot;,&quot;speed&quot;:500}\" data-widget_type=\"image-carousel.default\">\n\t\t\t\t\t\t\t<div class=\"elementor-image-carousel-wrapper swiper\" role=\"region\" aria-roledescription=\"carousel\" aria-label=\"Resim D\u00f6ng\u00fcs\u00fc\" dir=\"ltr\">\n\t\t\t<div class=\"elementor-image-carousel swiper-wrapper\" aria-live=\"off\">\n\t\t\t\t\t\t\t\t<div class=\"swiper-slide\" role=\"group\" aria-roledescription=\"slide\" aria-label=\"1 of 7\"><figure class=\"swiper-slide-inner\"><img decoding=\"async\" class=\"swiper-slide-image\" src=\"https:\/\/www.golenagourmet.com\/wp-content\/uploads\/2025\/11\/61KkvubU0dL._SL1000_-800x1000.jpg\" alt=\"61KkvubU0dL._SL1000_\" \/><\/figure><\/div><div class=\"swiper-slide\" role=\"group\" aria-roledescription=\"slide\" aria-label=\"2 of 7\"><figure class=\"swiper-slide-inner\"><img decoding=\"async\" class=\"swiper-slide-image\" src=\"http:\/\/www.golenagourmet.com\/wp-content\/uploads\/2025\/11\/13.jpg\" alt=\"\" \/><\/figure><\/div><div class=\"swiper-slide\" role=\"group\" aria-roledescription=\"slide\" aria-label=\"3 of 7\"><figure class=\"swiper-slide-inner\"><img decoding=\"async\" class=\"swiper-slide-image\" src=\"http:\/\/www.golenagourmet.com\/wp-content\/uploads\/2025\/11\/7177KzRI8EL._SL1000_.jpg\" alt=\"\" \/><\/figure><\/div><div class=\"swiper-slide\" role=\"group\" aria-roledescription=\"slide\" aria-label=\"4 of 7\"><figure class=\"swiper-slide-inner\"><img decoding=\"async\" class=\"swiper-slide-image\" src=\"http:\/\/www.golenagourmet.com\/wp-content\/uploads\/2025\/11\/61BNS8dw55L._SL1000_.jpg\" alt=\"\" \/><\/figure><\/div><div class=\"swiper-slide\" role=\"group\" aria-roledescription=\"slide\" aria-label=\"5 of 7\"><figure class=\"swiper-slide-inner\"><img decoding=\"async\" class=\"swiper-slide-image\" src=\"http:\/\/www.golenagourmet.com\/wp-content\/uploads\/2025\/11\/61Z4i0rFtwL._SL1000_.jpg\" alt=\"\" \/><\/figure><\/div><div class=\"swiper-slide\" role=\"group\" aria-roledescription=\"slide\" aria-label=\"6 of 7\"><figure class=\"swiper-slide-inner\"><img decoding=\"async\" class=\"swiper-slide-image\" src=\"http:\/\/www.golenagourmet.com\/wp-content\/uploads\/2025\/11\/514zYw1lZPL._SL1000_.jpg\" alt=\"\" \/><\/figure><\/div><div class=\"swiper-slide\" role=\"group\" aria-roledescription=\"slide\" aria-label=\"7 of 7\"><figure class=\"swiper-slide-inner\"><img decoding=\"async\" class=\"swiper-slide-image\" src=\"https:\/\/www.golenagourmet.com\/wp-content\/uploads\/2025\/11\/61KkvubU0dL._SL1000_-800x1000.jpg\" alt=\"61KkvubU0dL._SL1000_\" \/><\/figure><\/div>\t\t\t<\/div>\n\t\t\t\t\t\t\t\t\t\t\t\t<div class=\"elementor-swiper-button elementor-swiper-button-prev\" role=\"button\" tabindex=\"0\">\n\t\t\t\t\t\t<svg aria-hidden=\"true\" class=\"e-font-icon-svg e-eicon-chevron-left\" viewBox=\"0 0 1000 1000\" xmlns=\"http:\/\/www.w3.org\/2000\/svg\"><path d=\"M646 125C629 125 613 133 604 142L308 442C296 454 292 471 292 487 292 504 296 521 308 533L604 854C617 867 629 875 646 875 663 875 679 871 692 858 704 846 713 829 713 812 713 796 708 779 692 767L438 487 692 225C700 217 708 204 708 187 708 171 704 154 692 142 675 129 663 125 646 125Z\"><\/path><\/svg>\t\t\t\t\t<\/div>\n\t\t\t\t\t<div class=\"elementor-swiper-button elementor-swiper-button-next\" role=\"button\" tabindex=\"0\">\n\t\t\t\t\t\t<svg aria-hidden=\"true\" class=\"e-font-icon-svg e-eicon-chevron-right\" viewBox=\"0 0 1000 1000\" xmlns=\"http:\/\/www.w3.org\/2000\/svg\"><path d=\"M696 533C708 521 713 504 713 487 713 471 708 454 696 446L400 146C388 133 375 125 354 125 338 125 325 129 313 142 300 154 292 171 292 187 292 204 296 221 308 233L563 492 304 771C292 783 288 800 288 817 288 833 296 850 308 863 321 871 338 875 354 875 371 875 388 867 400 854L696 533Z\"><\/path><\/svg>\t\t\t\t\t<\/div>\n\t\t\t\t\n\t\t\t\t\t\t\t\t\t<div class=\"swiper-pagination\"><\/div>\n\t\t\t\t\t\t\t\t\t<\/div>\n\t\t\t\t\t\t<\/div>\n\t\t\t\t<\/div>\n\t\t\t\t\t<\/div>\n\t\t\t\t<\/div>\n\t\t<div class=\"elementor-element elementor-element-aa64ea1 e-flex e-con-boxed lakit-col-width-auto-no e-container e-root-container elementor-top-section e-con e-parent\" data-id=\"aa64ea1\" data-element_type=\"container\">\n\t\t\t\t\t<div class=\"e-con-inner\">\n\t\t\t\t<div class=\"elementor-element elementor-element-14bd4d7 lakit-arrow--showonhover-no lakit-dots--vertical-no elementor-widget lastudio-kit elementor-lakit-slides\" data-id=\"14bd4d7\" data-element_type=\"widget\" data-widget_type=\"lakit-slides.default\">\n\t\t\t\t\t        <div class=\"lakit-carousel lakit-slides\" data-slider_options=\"{&quot;content_selector&quot;:&quot;.lakit-slide-content&quot;,&quot;content_effect_in&quot;:&quot;fadeInUp&quot;,&quot;content_effect_out&quot;:&quot;fadeOutUp&quot;,&quot;slidesToScroll&quot;:{&quot;desktop&quot;:&quot;1&quot;,&quot;laptop&quot;:&quot;1&quot;,&quot;tablet&quot;:&quot;1&quot;,&quot;mobile_extra&quot;:&quot;1&quot;},&quot;rows&quot;:{&quot;desktop&quot;:&quot;1&quot;,&quot;laptop&quot;:&quot;1&quot;,&quot;tablet&quot;:&quot;1&quot;,&quot;mobile_extra&quot;:&quot;1&quot;},&quot;autoplaySpeed&quot;:5000,&quot;autoplay&quot;:true,&quot;infinite&quot;:true,&quot;centerMode&quot;:false,&quot;pauseOnHover&quot;:false,&quot;pauseOnInteraction&quot;:false,&quot;reverseDirection&quot;:false,&quot;infiniteEffect&quot;:false,&quot;speed&quot;:500,&quot;arrows&quot;:true,&quot;dots&quot;:false,&quot;variableWidth&quot;:false,&quot;prevArrow&quot;:&quot;.lakit-carousel__prev-arrow-14bd4d7&quot;,&quot;nextArrow&quot;:&quot;.lakit-carousel__next-arrow-14bd4d7&quot;,&quot;dotsElm&quot;:&quot;.lakit-carousel__dots_14bd4d7&quot;,&quot;rtl&quot;:false,&quot;effect&quot;:&quot;slide&quot;,&quot;coverflowEffect&quot;:{&quot;rotate&quot;:null,&quot;stretch&quot;:null,&quot;depth&quot;:null,&quot;modifier&quot;:null,&quot;scale&quot;:null},&quot;creativeEffect&quot;:{&quot;translateX&quot;:100},&quot;dotType&quot;:&quot;bullets&quot;,&quot;direction&quot;:&quot;horizontal&quot;,&quot;uniqueID&quot;:&quot;lakit_carousel_14bd4d7&quot;,&quot;asFor&quot;:&quot;&quot;,&quot;thumbs&quot;:&quot;&quot;,&quot;autoHeight&quot;:false,&quot;scrollbar&quot;:{&quot;enabled&quot;:false,&quot;el&quot;:&quot;.lakit-carousel__scrollbar_14bd4d7&quot;},&quot;directionbkp&quot;:{&quot;desktop&quot;:&quot;horizontal&quot;,&quot;laptop&quot;:&quot;horizontal&quot;,&quot;tablet&quot;:&quot;horizontal&quot;,&quot;mobile_extra&quot;:&quot;horizontal&quot;},&quot;slidesToShow&quot;:{&quot;desktop&quot;:&quot;1&quot;,&quot;laptop&quot;:&quot;1&quot;,&quot;tablet&quot;:&quot;1&quot;,&quot;mobile_extra&quot;:&quot;1&quot;}}\" dir=\"ltr\">\n            <div class=\"lakit-carousel-inner\">\n                <div class=\"swiper-container\" id=\"lakit_carousel_14bd4d7\">\n                    <div class=\"swiper-wrapper\">\n                        <div class=\"elementor-repeater-item-e2dec4e  swiper-slide\"><div class=\"lakit-slide-wrapbg\" data-swiper-parallax=\"30%\" data-swiper-parallax-opacity=\"0\"><div class=\"lakit-slide-bg elementor-ken-in parallax-bg\" data-swiper-parallax=\"-10%\"><\/div><\/div><div  class=\"lakit-slide-inner\"><div class=\"lakit-slide-content\"><div class=\"lakit-slide-subheading\" data-swiper-parallax=\"-300\" data-swiper-parallax-opacity=\"0\">The taste of freshness...<\/div><div class=\"lakit-slide-heading\"  data-swiper-parallax=\"-250\" data-swiper-parallax-opacity=\"0\">Golena Gourmet Product Series<\/div><\/div><\/div><\/div><div class=\"elementor-repeater-item-d56fde4  swiper-slide\"><div class=\"lakit-slide-wrapbg\" data-swiper-parallax=\"30%\" data-swiper-parallax-opacity=\"0\"><div class=\"lakit-slide-bg elementor-ken-in parallax-bg\" data-swiper-parallax=\"-10%\"><\/div><\/div><div  class=\"lakit-slide-inner\"><div class=\"lakit-slide-content\"><div class=\"lakit-slide-subheading\" data-swiper-parallax=\"-300\" data-swiper-parallax-opacity=\"0\">The taste of freshness...<\/div><div class=\"lakit-slide-heading\"  data-swiper-parallax=\"-250\" data-swiper-parallax-opacity=\"0\">Golena Gourmet Product Series<\/div><\/div><\/div><\/div>                    <\/div>\n                <\/div>\n            <\/div>\n            <div class=\"lakit-carousel__prev-arrow-14bd4d7 lakit-arrow prev-arrow\"><svg xmlns=\"http:\/\/www.w3.org\/2000\/svg\" width=\"300\" height=\"300\" viewBox=\"0 0 300 300\" class=\"lakit-font-icon-svg\" data-icon-name=\"arrow-left\" data-icon-type=\"LaStudioIcons\"><path d=\"M54 101.4L5.4 150l48.9 48.9 48.9 48.9 6.6-6.6 6.9-6.9-37.5-37.5-37.5-37.5h239.7v-18.6H41.7l37.5-37.5 37.5-37.5-6.6-6.6c-3.3-3.6-6.6-6.3-6.9-6.3S80.7 74.7 54 101.4\" fill=\"currentColor\"\/><\/svg><\/div><div class=\"lakit-carousel__next-arrow-14bd4d7 lakit-arrow next-arrow\"><svg xmlns=\"http:\/\/www.w3.org\/2000\/svg\" width=\"300\" height=\"300\" viewBox=\"0 0 300 300\" class=\"lakit-font-icon-svg\" data-icon-name=\"arrow-right\" data-icon-type=\"LaStudioIcons\"><path d=\"M189.9 59.1l-6.3 6.6 37.2 37.5 37.5 37.5H18.9v18.6h239.4l-37.5 37.5-37.5 37.5 6.9 6.9 6.6 6.6 48.9-48.9 48.9-48.9-48.6-48.6c-26.7-26.7-48.9-48.6-49.2-48.6s-3.3 2.7-6.9 6.3\" fill=\"currentColor\"\/><\/svg><\/div>        <\/div>\n        \t\t\t\t<\/div>\n\t\t\t\t\t<\/div>\n\t\t\t\t<\/div>\n\t\t<div class=\"elementor-element elementor-element-0ac7880 e-flex e-con-boxed lakit-col-width-auto-no e-container e-root-container elementor-top-section e-con e-parent\" data-id=\"0ac7880\" data-element_type=\"container\">\n\t\t\t\t\t<div class=\"e-con-inner\">\n\t\t\t\t<div class=\"elementor-element elementor-element-b13dda2 elementor-widget lastudio-kit elementor-lakit-gposts elementor-lakit-posts\" data-id=\"b13dda2\" data-element_type=\"widget\" data-widget_type=\"lakit-posts.default\">\n\t\t\t\t\t\n<div id=\"lapost_b13dda2\" class=\"lakit-posts layout-type-grid preset-grid-1 querycpt--post lakit-posts--grid\" data-item_selector=\".lakit-posts__item\" ><\/div>\t\t\t\t<\/div>\n\t\t\t\t\t<\/div>\n\t\t\t\t<\/div>\n\t\t\t\t<\/div>\n\t\t","protected":false},"excerpt":{"rendered":"<p>Antep pistachio is one of the most valuable agricultural products grown in Turkey&#8217;s Southeastern Anatolia Region and has gained worldwide [&hellip;]<\/p>\n","protected":false},"author":1,"featured_media":0,"parent":0,"menu_order":0,"comment_status":"closed","ping_status":"closed","template":"","meta":{"footnotes":""},"class_list":["post-4130","page","type-page","status-publish","hentry"],"_links":{"self":[{"href":"http:\/\/www.golenagourmet.com\/en\/wp-json\/wp\/v2\/pages\/4130","targetHints":{"allow":["GET"]}}],"collection":[{"href":"http:\/\/www.golenagourmet.com\/en\/wp-json\/wp\/v2\/pages"}],"about":[{"href":"http:\/\/www.golenagourmet.com\/en\/wp-json\/wp\/v2\/types\/page"}],"author":[{"embeddable":true,"href":"http:\/\/www.golenagourmet.com\/en\/wp-json\/wp\/v2\/users\/1"}],"replies":[{"embeddable":true,"href":"http:\/\/www.golenagourmet.com\/en\/wp-json\/wp\/v2\/comments?post=4130"}],"version-history":[{"count":7,"href":"http:\/\/www.golenagourmet.com\/en\/wp-json\/wp\/v2\/pages\/4130\/revisions"}],"predecessor-version":[{"id":4338,"href":"http:\/\/www.golenagourmet.com\/en\/wp-json\/wp\/v2\/pages\/4130\/revisions\/4338"}],"wp:attachment":[{"href":"http:\/\/www.golenagourmet.com\/en\/wp-json\/wp\/v2\/media?parent=4130"}],"curies":[{"name":"wp","href":"https:\/\/api.w.org\/{rel}","templated":true}]}}